{"id":646,"date":"2021-09-02T13:38:04","date_gmt":"2021-09-02T13:38:04","guid":{"rendered":"https:\/\/insidestem.eu\/e-oppe-platvorm\/"},"modified":"2023-01-27T14:25:52","modified_gmt":"2023-01-27T14:25:52","slug":"e-oppe-platvorm","status":"publish","type":"page","link":"https:\/\/insidestem.eu\/et\/e-oppe-platvorm\/","title":{"rendered":"e-\u00f5ppe platvorm"},"content":{"rendered":"\t\t<div data-elementor-type=\"wp-page\" data-elementor-id=\"646\" class=\"elementor elementor-646 elementor-366\" data-elementor-settings=\"{&quot;ha_cmc_init_switcher&quot;:&quot;no&quot;}\" data-elementor-post-type=\"page\">\n\t\t\t\t\t\t<section class=\"elementor-section elementor-top-section elementor-element elementor-element-405c399 elementor-section-boxed elementor-section-height-default elementor-section-height-default\" data-id=\"405c399\" data-element_type=\"section\">\n\t\t\t\t\t\t<div class=\"elementor-container elementor-column-gap-default\">\n\t\t\t\t\t<div class=\"elementor-column elementor-col-100 elementor-top-column elementor-element elementor-element-1f17c1d\" data-id=\"1f17c1d\" data-element_type=\"column\">\n\t\t\t<div class=\"elementor-widget-wrap elementor-element-populated\">\n\t\t\t\t\t\t<div class=\"elementor-element elementor-element-492c31a elementor-widget elementor-widget-spacer\" data-id=\"492c31a\" data-element_type=\"widget\" data-widget_type=\"spacer.default\">\n\t\t\t\t<div class=\"elementor-widget-container\">\n\t\t\t\t\t\t\t<div class=\"elementor-spacer\">\n\t\t\t<div class=\"elementor-spacer-inner\"><\/div>\n\t\t<\/div>\n\t\t\t\t\t\t<\/div>\n\t\t\t\t<\/div>\n\t\t\t\t<div class=\"elementor-element elementor-element-4c67647 elementor-widget elementor-widget-heading\" data-id=\"4c67647\" data-element_type=\"widget\" data-widget_type=\"heading.default\">\n\t\t\t\t<div class=\"elementor-widget-container\">\n\t\t\t\t\t<h2 class=\"elementor-heading-title elementor-size-default\">e-\u00f5ppe platvorm<\/h2>\t\t\t\t<\/div>\n\t\t\t\t<\/div>\n\t\t\t\t<div class=\"elementor-element elementor-element-683e04a elementor-widget elementor-widget-text-editor\" data-id=\"683e04a\" data-element_type=\"widget\" data-widget_type=\"text-editor.default\">\n\t\t\t\t<div class=\"elementor-widget-container\">\n\t\t\t\t\t\t\t\t\t<h3 style=\"text-align: center;\">e-\u00f5ppe platvorm &#8220;LTT vaegn\u00e4gevatele \u00f5pilastele&#8221;<\/h3>\n<p style=\"text-align: justify;\">Projekti e-\u00f5ppe platvorm on disainitud ja arendatud kui d\u00fcnaamiline ja v\u00f5imas t\u00f6\u00f6riist tasuta ligip\u00e4\u00e4suga kogu projekti informatsioonile, materjalile ja koolitustele. See platvorm saab olema \u00fchtne komplekt interaktiivseid v\u00f5rguteenuseid, mis pakuvad \u00f5petajatele, \u00f5pilastele ja teistele, kes on projekti kaasatud v\u00f5i teemast huvitatud, t\u00f6\u00f6riistu ja ressursse, et toetada ja t\u00e4iustada LTT-projektide rakendamist kaasavatesse klassiruumidesse VN \u00f5pilastega.<\/p>\n\t\t\t\t\t\t\t\t<\/div>\n\t\t\t\t<\/div>\n\t\t\t\t<div class=\"elementor-element elementor-element-2296ebd elementor-widget elementor-widget-spacer\" data-id=\"2296ebd\" data-element_type=\"widget\" data-widget_type=\"spacer.default\">\n\t\t\t\t<div class=\"elementor-widget-container\">\n\t\t\t\t\t\t\t<div class=\"elementor-spacer\">\n\t\t\t<div class=\"elementor-spacer-inner\"><\/div>\n\t\t<\/div>\n\t\t\t\t\t\t<\/div>\n\t\t\t\t<\/div>\n\t\t\t\t\t<\/div>\n\t\t<\/div>\n\t\t\t\t\t<\/div>\n\t\t<\/section>\n\t\t\t\t<section class=\"elementor-section elementor-top-section elementor-element elementor-element-e031c69 elementor-section-height-min-height elementor-section-boxed elementor-section-height-default elementor-section-items-middle\" data-id=\"e031c69\" data-element_type=\"section\" data-settings=\"{&quot;background_background&quot;:&quot;classic&quot;}\">\n\t\t\t\t\t\t<div class=\"elementor-container elementor-column-gap-default\">\n\t\t\t\t\t<div class=\"elementor-column elementor-col-100 elementor-top-column elementor-element elementor-element-2b7b2101\" data-id=\"2b7b2101\" data-element_type=\"column\">\n\t\t\t<div class=\"elementor-widget-wrap\">\n\t\t\t\t\t\t\t<\/div>\n\t\t<\/div>\n\t\t\t\t\t<\/div>\n\t\t<\/section>\n\t\t\t\t<section class=\"elementor-section elementor-top-section elementor-element elementor-element-7568701 elementor-section-content-middle elementor-section-boxed elementor-section-height-default elementor-section-height-default\" data-id=\"7568701\" data-element_type=\"section\" data-settings=\"{&quot;background_background&quot;:&quot;classic&quot;}\">\n\t\t\t\t\t\t<div class=\"elementor-container elementor-column-gap-default\">\n\t\t\t\t\t<div class=\"elementor-column elementor-col-100 elementor-top-column elementor-element elementor-element-7589f91\" data-id=\"7589f91\" data-element_type=\"column\">\n\t\t\t<div class=\"elementor-widget-wrap elementor-element-populated\">\n\t\t\t\t\t\t<div class=\"elementor-element elementor-element-ac47af3 elementor-widget elementor-widget-spacer\" data-id=\"ac47af3\" data-element_type=\"widget\" data-widget_type=\"spacer.default\">\n\t\t\t\t<div class=\"elementor-widget-container\">\n\t\t\t\t\t\t\t<div class=\"elementor-spacer\">\n\t\t\t<div class=\"elementor-spacer-inner\"><\/div>\n\t\t<\/div>\n\t\t\t\t\t\t<\/div>\n\t\t\t\t<\/div>\n\t\t\t\t<section class=\"elementor-section elementor-inner-section elementor-element elementor-element-df2abf9 elementor-section-content-middle elementor-section-boxed elementor-section-height-default elementor-section-height-default\" data-id=\"df2abf9\" data-element_type=\"section\">\n\t\t\t\t\t\t<div class=\"elementor-container elementor-column-gap-default\">\n\t\t\t\t\t<div class=\"elementor-column elementor-col-50 elementor-inner-column elementor-element elementor-element-73f2ed1\" data-id=\"73f2ed1\" data-element_type=\"column\">\n\t\t\t<div class=\"elementor-widget-wrap elementor-element-populated\">\n\t\t\t\t\t\t<div class=\"elementor-element elementor-element-2b30dad elementor-widget elementor-widget-text-editor\" data-id=\"2b30dad\" data-element_type=\"widget\" data-widget_type=\"text-editor.default\">\n\t\t\t\t<div class=\"elementor-widget-container\">\n\t\t\t\t\t\t\t\t\t<h4><span style=\"color: #ffffff;\">1. LTT k\u00e4siraamat kaasava klassiruumi jaoks<\/span><\/h4>\n<p>See on kaasava hariduse k\u00e4siraamat, mille eesm\u00e4rgiks on tutvustada ja sisaldada LTT-projekte tavalistes klassiruumides. See juhend on kavandatud, et pakkuda \u00f5petajatele informatsiooni tunniplaanide kavandamise kohta ja organiseerida tunde LTT-projektide jaoks, mis oleks sobilikud 3D printida ja VN \u00f5pilastele.<\/p>\n\t\t\t\t\t\t\t\t<\/div>\n\t\t\t\t<\/div>\n\t\t\t\t<div class=\"elementor-element elementor-element-95e9216 elementor-headline--style-highlight elementor-widget elementor-widget-animated-headline\" data-id=\"95e9216\" data-element_type=\"widget\" data-settings=\"{&quot;marker&quot;:&quot;curly&quot;,&quot;highlighted_text&quot;:&quot;K\\u00e4siraamat&quot;,&quot;highlight_iteration_delay&quot;:3000,&quot;headline_style&quot;:&quot;highlight&quot;,&quot;loop&quot;:&quot;yes&quot;,&quot;highlight_animation_duration&quot;:1200}\" data-widget_type=\"animated-headline.default\">\n\t\t\t\t<div class=\"elementor-widget-container\">\n\t\t\t\t\t\t\t\t<a href=\"https:\/\/insidestem.eu\/wp-content\/uploads\/2023\/01\/INSIDE_Kasiraamat_EST.pdf\" target=\"_blank\">\n\n\t\t\t\t\t<h4 class=\"elementor-headline\">\n\t\t\t\t<span class=\"elementor-headline-dynamic-wrapper elementor-headline-text-wrapper\">\n\t\t\t\t\t<span class=\"elementor-headline-dynamic-text elementor-headline-text-active\">K\u00e4siraamat<\/span>\n\t\t\t\t<\/span>\n\t\t\t\t<\/h4>\n\t\t<\/a>\t\t\t\t<\/div>\n\t\t\t\t<\/div>\n\t\t\t\t\t<\/div>\n\t\t<\/div>\n\t\t\t\t<div class=\"elementor-column elementor-col-50 elementor-inner-column elementor-element elementor-element-9c90944\" data-id=\"9c90944\" data-element_type=\"column\">\n\t\t\t<div class=\"elementor-widget-wrap elementor-element-populated\">\n\t\t\t\t\t\t<div class=\"elementor-element elementor-element-313255e elementor-widget elementor-widget-image\" data-id=\"313255e\" data-element_type=\"widget\" data-widget_type=\"image.default\">\n\t\t\t\t<div class=\"elementor-widget-container\">\n\t\t\t\t\t\t\t\t\t\t\t\t\t\t\t<img fetchpriority=\"high\" decoding=\"async\" width=\"400\" height=\"400\" src=\"https:\/\/insidestem.eu\/wp-content\/uploads\/2021\/07\/e-platform-icon-STEM-400px-white.png\" class=\"attachment-large size-large wp-image-486\" alt=\"learning platform\" srcset=\"https:\/\/insidestem.eu\/wp-content\/uploads\/2021\/07\/e-platform-icon-STEM-400px-white.png 400w, https:\/\/insidestem.eu\/wp-content\/uploads\/2021\/07\/e-platform-icon-STEM-400px-white-300x300.png 300w, https:\/\/insidestem.eu\/wp-content\/uploads\/2021\/07\/e-platform-icon-STEM-400px-white-150x150.png 150w\" sizes=\"(max-width: 400px) 100vw, 400px\" \/>\t\t\t\t\t\t\t\t\t\t\t\t\t\t\t<\/div>\n\t\t\t\t<\/div>\n\t\t\t\t\t<\/div>\n\t\t<\/div>\n\t\t\t\t\t<\/div>\n\t\t<\/section>\n\t\t\t\t<div class=\"elementor-element elementor-element-9b308dc elementor-widget elementor-widget-spacer\" data-id=\"9b308dc\" data-element_type=\"widget\" data-widget_type=\"spacer.default\">\n\t\t\t\t<div class=\"elementor-widget-container\">\n\t\t\t\t\t\t\t<div class=\"elementor-spacer\">\n\t\t\t<div class=\"elementor-spacer-inner\"><\/div>\n\t\t<\/div>\n\t\t\t\t\t\t<\/div>\n\t\t\t\t<\/div>\n\t\t\t\t<section class=\"elementor-section elementor-inner-section elementor-element elementor-element-dbd479e elementor-section-content-middle elementor-section-boxed elementor-section-height-default elementor-section-height-default\" data-id=\"dbd479e\" data-element_type=\"section\">\n\t\t\t\t\t\t<div class=\"elementor-container elementor-column-gap-default\">\n\t\t\t\t\t<div class=\"elementor-column elementor-col-50 elementor-inner-column elementor-element elementor-element-d56854b\" data-id=\"d56854b\" data-element_type=\"column\">\n\t\t\t<div class=\"elementor-widget-wrap elementor-element-populated\">\n\t\t\t\t\t\t<div class=\"elementor-element elementor-element-43b07d6 elementor-widget elementor-widget-image\" data-id=\"43b07d6\" data-element_type=\"widget\" data-widget_type=\"image.default\">\n\t\t\t\t<div class=\"elementor-widget-container\">\n\t\t\t\t\t\t\t\t\t\t\t\t\t\t\t<img decoding=\"async\" width=\"400\" height=\"400\" src=\"https:\/\/insidestem.eu\/wp-content\/uploads\/2021\/07\/e-platform-icon-webinar-400px-white.png\" class=\"attachment-large size-large wp-image-488\" alt=\"learning platform\" srcset=\"https:\/\/insidestem.eu\/wp-content\/uploads\/2021\/07\/e-platform-icon-webinar-400px-white.png 400w, https:\/\/insidestem.eu\/wp-content\/uploads\/2021\/07\/e-platform-icon-webinar-400px-white-300x300.png 300w, https:\/\/insidestem.eu\/wp-content\/uploads\/2021\/07\/e-platform-icon-webinar-400px-white-150x150.png 150w\" sizes=\"(max-width: 400px) 100vw, 400px\" \/>\t\t\t\t\t\t\t\t\t\t\t\t\t\t\t<\/div>\n\t\t\t\t<\/div>\n\t\t\t\t\t<\/div>\n\t\t<\/div>\n\t\t\t\t<div class=\"elementor-column elementor-col-50 elementor-inner-column elementor-element elementor-element-aae14c3\" data-id=\"aae14c3\" data-element_type=\"column\">\n\t\t\t<div class=\"elementor-widget-wrap elementor-element-populated\">\n\t\t\t\t\t\t<div class=\"elementor-element elementor-element-27b798a elementor-widget elementor-widget-text-editor\" data-id=\"27b798a\" data-element_type=\"widget\" data-widget_type=\"text-editor.default\">\n\t\t\t\t<div class=\"elementor-widget-container\">\n\t\t\t\t\t\t\t\t\t<h4><span style=\"color: #ffffff;\">2. Veebiseminarid: 3D printimine LTT-d kaasavate projektide jaoks<\/span><\/h4><p>Veebiseminarid on kavandatud koosnema peamiselt: 3D-printimise haridusse rakendamise pedagoogilisest poolest, 3D-printimisest saadud h\u00fcvedest hariduses puuetega \u00f5pilaste jaoks, takistustest 3D-printimise kasutamisel klassiruumis, p\u00f5hilisest tarkvara disainist veebip\u00f5hisel platvormil \u00f5ppematerjali loomiseks, p\u00f5hilisest tarkvarast kavandatud \u00f5ppematerjali gcode formaati konvertimiseks (viilutamise tarkvarast), p\u00f5hilisest 3D-printimise riistvarast ja LTT-projekti kavandamisest 3D printimisega.<\/p>\t\t\t\t\t\t\t\t<\/div>\n\t\t\t\t<\/div>\n\t\t\t\t<div class=\"elementor-element elementor-element-be42f0f elementor-headline--style-highlight elementor-widget elementor-widget-animated-headline\" data-id=\"be42f0f\" data-element_type=\"widget\" data-settings=\"{&quot;marker&quot;:&quot;curly&quot;,&quot;highlighted_text&quot;:&quot;Veebiseminarid&quot;,&quot;highlight_iteration_delay&quot;:3000,&quot;headline_style&quot;:&quot;highlight&quot;,&quot;loop&quot;:&quot;yes&quot;,&quot;highlight_animation_duration&quot;:1200}\" data-widget_type=\"animated-headline.default\">\n\t\t\t\t<div class=\"elementor-widget-container\">\n\t\t\t\t\t\t\t\t<a href=\"https:\/\/insidestem.eu\/et\/veebiseminarid\/\">\n\n\t\t\t\t\t<h4 class=\"elementor-headline\">\n\t\t\t\t<span class=\"elementor-headline-dynamic-wrapper elementor-headline-text-wrapper\">\n\t\t\t\t\t<span class=\"elementor-headline-dynamic-text elementor-headline-text-active\">Veebiseminarid<\/span>\n\t\t\t\t<\/span>\n\t\t\t\t<\/h4>\n\t\t<\/a>\t\t\t\t<\/div>\n\t\t\t\t<\/div>\n\t\t\t\t\t<\/div>\n\t\t<\/div>\n\t\t\t\t\t<\/div>\n\t\t<\/section>\n\t\t\t\t<div class=\"elementor-element elementor-element-262e0c7 elementor-widget elementor-widget-spacer\" data-id=\"262e0c7\" data-element_type=\"widget\" data-widget_type=\"spacer.default\">\n\t\t\t\t<div class=\"elementor-widget-container\">\n\t\t\t\t\t\t\t<div class=\"elementor-spacer\">\n\t\t\t<div class=\"elementor-spacer-inner\"><\/div>\n\t\t<\/div>\n\t\t\t\t\t\t<\/div>\n\t\t\t\t<\/div>\n\t\t\t\t<section class=\"elementor-section elementor-inner-section elementor-element elementor-element-8c27167 elementor-section-content-middle elementor-section-boxed elementor-section-height-default elementor-section-height-default\" data-id=\"8c27167\" data-element_type=\"section\">\n\t\t\t\t\t\t<div class=\"elementor-container elementor-column-gap-default\">\n\t\t\t\t\t<div class=\"elementor-column elementor-col-50 elementor-inner-column elementor-element elementor-element-cc90467\" data-id=\"cc90467\" data-element_type=\"column\">\n\t\t\t<div class=\"elementor-widget-wrap elementor-element-populated\">\n\t\t\t\t\t\t<div class=\"elementor-element elementor-element-4e12335 elementor-widget elementor-widget-text-editor\" data-id=\"4e12335\" data-element_type=\"widget\" data-widget_type=\"text-editor.default\">\n\t\t\t\t<div class=\"elementor-widget-container\">\n\t\t\t\t\t\t\t\t\t<h4><span style=\"color: #ffffff;\">3. Avatud andmebaas LTT-projektide mudelitest<\/span><\/h4>\n<p>See on andmebaas, mis hakkab sisaldama k\u00f5iki INSIDE projektis loodud mudelite l\u00f5ppversioone ja LTT-tunniplaanide n\u00e4idiseid koos t\u00e4ielike juhistega. K\u00f5ik LTT-projektide mudelid sisaldavad tunniplaane, mis jagavad haridusprotsessi kaheks tasemeks: esimene tase on kasutamiseks \u00f5pilastele, kellel on halb n\u00e4gemine ja teine tase \u00f5pilastele, kellel puudub n\u00e4gemine.<\/p>\n\t\t\t\t\t\t\t\t<\/div>\n\t\t\t\t<\/div>\n\t\t\t\t<div class=\"elementor-element elementor-element-848b728 elementor-headline--style-highlight elementor-widget elementor-widget-animated-headline\" data-id=\"848b728\" data-element_type=\"widget\" data-settings=\"{&quot;marker&quot;:&quot;curly&quot;,&quot;highlighted_text&quot;:&quot;Peagi tulemas!&quot;,&quot;highlight_iteration_delay&quot;:3000,&quot;headline_style&quot;:&quot;highlight&quot;,&quot;loop&quot;:&quot;yes&quot;,&quot;highlight_animation_duration&quot;:1200}\" data-widget_type=\"animated-headline.default\">\n\t\t\t\t<div class=\"elementor-widget-container\">\n\t\t\t\t\t\t\t\t<a href=\"https:\/\/insidestem.eu\/et\/interneti-andmebaas\/\">\n\n\t\t\t\t\t<h4 class=\"elementor-headline\">\n\t\t\t\t<span class=\"elementor-headline-dynamic-wrapper elementor-headline-text-wrapper\">\n\t\t\t\t\t<span class=\"elementor-headline-dynamic-text elementor-headline-text-active\">Peagi tulemas!<\/span>\n\t\t\t\t<\/span>\n\t\t\t\t<\/h4>\n\t\t<\/a>\t\t\t\t<\/div>\n\t\t\t\t<\/div>\n\t\t\t\t\t<\/div>\n\t\t<\/div>\n\t\t\t\t<div class=\"elementor-column elementor-col-50 elementor-inner-column elementor-element elementor-element-dcd7b4b\" data-id=\"dcd7b4b\" data-element_type=\"column\">\n\t\t\t<div class=\"elementor-widget-wrap elementor-element-populated\">\n\t\t\t\t\t\t<div class=\"elementor-element elementor-element-2c1ef0f elementor-widget elementor-widget-image\" data-id=\"2c1ef0f\" data-element_type=\"widget\" data-widget_type=\"image.default\">\n\t\t\t\t<div class=\"elementor-widget-container\">\n\t\t\t\t\t\t\t\t\t\t\t\t\t\t\t<img decoding=\"async\" width=\"400\" height=\"400\" src=\"https:\/\/insidestem.eu\/wp-content\/uploads\/2021\/07\/e-platform-icon-open-database-400px-white.png\" class=\"attachment-large size-large wp-image-490\" alt=\"learning platform\" srcset=\"https:\/\/insidestem.eu\/wp-content\/uploads\/2021\/07\/e-platform-icon-open-database-400px-white.png 400w, https:\/\/insidestem.eu\/wp-content\/uploads\/2021\/07\/e-platform-icon-open-database-400px-white-300x300.png 300w, https:\/\/insidestem.eu\/wp-content\/uploads\/2021\/07\/e-platform-icon-open-database-400px-white-150x150.png 150w\" sizes=\"(max-width: 400px) 100vw, 400px\" \/>\t\t\t\t\t\t\t\t\t\t\t\t\t\t\t<\/div>\n\t\t\t\t<\/div>\n\t\t\t\t\t<\/div>\n\t\t<\/div>\n\t\t\t\t\t<\/div>\n\t\t<\/section>\n\t\t\t\t\t<\/div>\n\t\t<\/div>\n\t\t\t\t\t<\/div>\n\t\t<\/section>\n\t\t\t\t<section class=\"elementor-section elementor-top-section elementor-element elementor-element-7dc1ad9 elementor-section-height-min-height elementor-section-boxed elementor-section-height-default elementor-section-items-middle\" data-id=\"7dc1ad9\" data-element_type=\"section\" data-settings=\"{&quot;background_background&quot;:&quot;classic&quot;}\">\n\t\t\t\t\t\t<div class=\"elementor-container elementor-column-gap-default\">\n\t\t\t\t\t<div class=\"elementor-column elementor-col-100 elementor-top-column elementor-element elementor-element-3aa7043\" data-id=\"3aa7043\" data-element_type=\"column\">\n\t\t\t<div class=\"elementor-widget-wrap\">\n\t\t\t\t\t\t\t<\/div>\n\t\t<\/div>\n\t\t\t\t\t<\/div>\n\t\t<\/section>\n\t\t\t\t<\/div>\n\t\t","protected":false},"excerpt":{"rendered":"<p>e-\u00f5ppe platvorm e-\u00f5ppe platvorm &#8220;LTT vaegn\u00e4gevatele \u00f5pilastele&#8221; Projekti e-\u00f5ppe platvorm on disainitud ja arendatud kui d\u00fcnaamiline ja v\u00f5imas t\u00f6\u00f6riist tasuta ligip\u00e4\u00e4suga kogu projekti informatsioonile, materjalile ja koolitustele. See platvorm saab olema \u00fchtne komplekt interaktiivseid v\u00f5rguteenuseid, mis pakuvad \u00f5petajatele, \u00f5pilastele ja teistele, kes on projekti kaasatud v\u00f5i teemast huvitatud, t\u00f6\u00f6riistu ja ressursse, et toetada ja t\u00e4iustada [&hellip;]<\/p>\n","protected":false},"author":1,"featured_media":0,"parent":0,"menu_order":0,"comment_status":"closed","ping_status":"closed","template":"","meta":{"site-sidebar-layout":"no-sidebar","site-content-layout":"page-builder","ast-site-content-layout":"default","site-content-style":"default","site-sidebar-style":"default","ast-global-header-display":"","ast-banner-title-visibility":"","ast-main-header-display":"","ast-hfb-above-header-display":"","ast-hfb-below-header-display":"","ast-hfb-mobile-header-display":"","site-post-title":"disabled","ast-breadcrumbs-content":"","ast-featured-img":"disabled","footer-sml-layout":"","theme-transparent-header-meta":"","adv-header-id-meta":"","stick-header-meta":"","header-above-stick-meta":"","header-main-stick-meta":"","header-below-stick-meta":"","astra-migrate-meta-layouts":"default","ast-page-background-enabled":"default","ast-page-background-meta":{"desktop":{"background-color":"","background-image":"","background-repeat":"repeat","background-position":"center center","background-size":"auto","background-attachment":"scroll","background-type":"","background-media":"","overlay-type":"","overlay-color":"","overlay-opacity":"","overlay-gradient":""},"tablet":{"background-color":"","background-image":"","background-repeat":"repeat","background-position":"center center","background-size":"auto","background-attachment":"scroll","background-type":"","background-media":"","overlay-type":"","overlay-color":"","overlay-opacity":"","overlay-gradient":""},"mobile":{"background-color":"","background-image":"","background-repeat":"repeat","background-position":"center center","background-size":"auto","background-attachment":"scroll","background-type":"","background-media":"","overlay-type":"","overlay-color":"","overlay-opacity":"","overlay-gradient":""}},"ast-content-background-meta":{"desktop":{"background-color":"var(--ast-global-color-5)","background-image":"","background-repeat":"repeat","background-position":"center center","background-size":"auto","background-attachment":"scroll","background-type":"","background-media":"","overlay-type":"","overlay-color":"","overlay-opacity":"","overlay-gradient":""},"tablet":{"background-color":"var(--ast-global-color-5)","background-image":"","background-repeat":"repeat","background-position":"center center","background-size":"auto","background-attachment":"scroll","background-type":"","background-media":"","overlay-type":"","overlay-color":"","overlay-opacity":"","overlay-gradient":""},"mobile":{"background-color":"var(--ast-global-color-5)","background-image":"","background-repeat":"repeat","background-position":"center center","background-size":"auto","background-attachment":"scroll","background-type":"","background-media":"","overlay-type":"","overlay-color":"","overlay-opacity":"","overlay-gradient":""}},"footnotes":""},"class_list":["post-646","page","type-page","status-publish","hentry"],"_links":{"self":[{"href":"https:\/\/insidestem.eu\/et\/wp-json\/wp\/v2\/pages\/646","targetHints":{"allow":["GET"]}}],"collection":[{"href":"https:\/\/insidestem.eu\/et\/wp-json\/wp\/v2\/pages"}],"about":[{"href":"https:\/\/insidestem.eu\/et\/wp-json\/wp\/v2\/types\/page"}],"author":[{"embeddable":true,"href":"https:\/\/insidestem.eu\/et\/wp-json\/wp\/v2\/users\/1"}],"replies":[{"embeddable":true,"href":"https:\/\/insidestem.eu\/et\/wp-json\/wp\/v2\/comments?post=646"}],"version-history":[{"count":10,"href":"https:\/\/insidestem.eu\/et\/wp-json\/wp\/v2\/pages\/646\/revisions"}],"predecessor-version":[{"id":2994,"href":"https:\/\/insidestem.eu\/et\/wp-json\/wp\/v2\/pages\/646\/revisions\/2994"}],"wp:attachment":[{"href":"https:\/\/insidestem.eu\/et\/wp-json\/wp\/v2\/media?parent=646"}],"curies":[{"name":"wp","href":"https:\/\/api.w.org\/{rel}","templated":true}]}}