{"id":819,"date":"2021-09-03T07:43:59","date_gmt":"2021-09-03T07:43:59","guid":{"rendered":"https:\/\/insidestem.eu\/politica-de-privacidade\/"},"modified":"2021-10-14T06:42:54","modified_gmt":"2021-10-14T06:42:54","slug":"politica-de-privacidade","status":"publish","type":"page","link":"https:\/\/insidestem.eu\/pt-pt\/politica-de-privacidade\/","title":{"rendered":"Pol\u00edtica de privacidade"},"content":{"rendered":"\r\n<h2 class=\"wp-block-heading\">Pol\u00edtica de privacidade de insidestem.eu<\/h2>\r\n\r\n\r\n\r\n<p>Esta aplica\u00e7\u00e3o recolhe alguns dados pessoais dos seus utilizadores<\/p>\r\n\r\n\r\n\r\n<h2 class=\"wp-block-heading\">Propriet\u00e1rio e controlador de dados: insidestem.eu<\/h2>\r\n\r\n\r\n\r\n<p>E-mail de contato do propriet\u00e1rio: insidestem.eu@gmail.com<\/p>\r\n\r\n\r\n\r\n<h2 class=\"wp-block-heading\">Tipos de dados recolhidos<\/h2>\r\n<p>Entre os tipos de Dados Pessoais que esta aplica\u00e7\u00e3o recolhe, por si ou por meio de terceiros, est\u00e3o: Cookies; Usage Data; primeiro nome; apelido; n\u00famero de telefone; endere\u00e7o de e-mail.<br \/>Detalhes completos sobre cada tipo de dados pessoais recolhidos s\u00e3o fornecidos nas se\u00e7\u00f5es dedicadas desta pol\u00edtica de privacidade ou por textos explicativos espec\u00edficos exibidos antes da recolha de dados.<br \/>Os Dados Pessoais podem ser fornecidos livremente pelo utilizador ou, no caso de Usage Data, recolhidos automaticamente ao usar esta aplica\u00e7\u00e3o.<br \/>A menos que especificado de outra forma, todos os dados solicitados por esta aplica\u00e7\u00e3o s\u00e3o obrigat\u00f3rios e o seu n\u00e3o fornecimento pode tornar imposs\u00edvel o fornecimento dos servi\u00e7os desta aplica\u00e7\u00e3o. Nos casos em que a aplica\u00e7\u00e3o declara especificamente que alguns dados n\u00e3o s\u00e3o obrigat\u00f3rios, os utilizadores s\u00e3o livres para n\u00e3o comunicarem esses mesmos dados, sem consequ\u00eancias para a disponibiliza\u00e7\u00e3o ou o funcionamento do servi\u00e7o.<br \/>Os utilizadores que n\u00e3o t\u00eam certeza sobre quais os dados pessoais que s\u00e3o obrigat\u00f3rios podem entrar em contato com o propriet\u00e1rio.<br \/>Qualquer uso de Cookies &#8211; ou de outras ferramentas de rastreamento &#8211; por esta aplica\u00e7\u00e3o ou pelos propriet\u00e1rios de servi\u00e7os de terceiros usados por esta aplica\u00e7\u00e3o tem a finalidade de fornecer o servi\u00e7o exigido pelos utilizadores, al\u00e9m de quaisquer outros fins descritos no presente documento e na Pol\u00edtica de Cookies, se dispon\u00edvel.<br \/>Os utilizadores s\u00e3o respons\u00e1veis por quaisquer dados pessoais de terceiros obtidos, publicados ou compartilhados por meio desta aplica\u00e7\u00e3o e confirmam que possuem os consentimentos respetivos para fornecerem os dados ao propriet\u00e1rio.<\/p>\r\n\r\n\r\n\r\n\r\n\r\n<h2 class=\"wp-block-heading\">Os direitos dos utilizadores<\/h2>\r\n<p>Os utilizadores podem exercer certos direitos em rela\u00e7\u00e3o aos seus dados processados pelo propriet\u00e1rio.<br \/>Em particular, os utilizadores t\u00eam direito ao seguinte:<br \/>&#8211; Retirar o consentimento a qualquer momento. Os utilizadores t\u00eam o direito de retirar o consentimento, caso tenham dado consentimento pr\u00e9vio para o processamento dos seus dados pessoais.<br \/>&#8211; Rejeitar o processamento dos seus dados. Os utilizadores t\u00eam o direito de se opor ao processamento dos seus dados, se este for realizado numa base legal diferente da consentida. Mais detalhes s\u00e3o fornecidos na sec\u00e7\u00e3o dedicada abaixo.<br \/>&#8211; Aceder aos seus dados. Os utilizadores t\u00eam o direito de saber se os seus dados est\u00e3o a ser processados pelo propriet\u00e1rio, t\u00eam direito a que lhe sejam revelados certos aspetos do processamento e obter uma c\u00f3pia dos dados em processamento.<br \/>&#8211; Verificar e procurar a retifica\u00e7\u00e3o. Os utilizadores t\u00eam o direito de verificar a exatid\u00e3o dos seus dados e solicitar a sua atualiza\u00e7\u00e3o ou corre\u00e7\u00e3o.<br \/>&#8211; Restringir o processamento dos seus dados. Os utilizadores t\u00eam o direito, em certas circunst\u00e2ncias, de restringir o processamento dos seus dados. Neste caso, o propriet\u00e1rio n\u00e3o processar\u00e1 os seus dados para nenhuma finalidade que n\u00e3o seja armazen\u00e1-los.<br \/>&#8211; Ter os seus dados pessoais eliminados ou removidos. Os utilizadores t\u00eam o direito, em certas circunst\u00e2ncias, de obter a elimina\u00e7\u00e3o dos seus dados pelo propriet\u00e1rio.<br \/>&#8211; Receber os seus dados e transferi-los para outro controlador. Os utilizadores t\u00eam o direito de receber os seus dados num formato estruturado, comumente usado e leg\u00edvel por m\u00e1quina e, se tecnicamente vi\u00e1vel, transmiti-los a outro controlador sem qualquer impedimento. Isto \u00e9 aplic\u00e1vel desde que os dados sejam processados por meios automatizados e que o processamento seja baseado no consentimento do utilizador, num contrato do qual o utilizador fa\u00e7a parte ou em obriga\u00e7\u00f5es pr\u00e9-contratuais do mesmo.<br \/>&#8211; Fazer uma reclama\u00e7\u00e3o. Os utilizadores t\u00eam o direito de apresentar uma reclama\u00e7\u00e3o perante a autoridade competente de prote\u00e7\u00e3o de dados.<\/p>\r\n\r\n\r\n\r\n\r\n\r\n<h2 class=\"wp-block-heading\">Informa\u00e7\u00e3o legal<\/h2>\r\n<p>Esta declara\u00e7\u00e3o de privacidade foi elaborada com base em disposi\u00e7\u00f5es de v\u00e1rias legisla\u00e7\u00f5es, incluindo o Art. 13\/14 do Regulamento (UE) 2016\/679 (Regulamento Geral de Prote\u00e7\u00e3o de Dados).<br \/>Esta pol\u00edtica de privacidade refere-se exclusivamente a esta aplica\u00e7\u00e3o, salvo indica\u00e7\u00e3o em contr\u00e1rio neste documento.<\/p>\r\n<h2>A parceria manter\u00e1 os seus dados por um per\u00edodo de dois anos ap\u00f3s o t\u00e9rmino do projeto<\/h2>\r\n<p>(data estimada de t\u00e9rmino: 31.10.2022).<\/p>\r\n","protected":false},"excerpt":{"rendered":"<p>Pol\u00edtica de privacidade de insidestem.eu Esta aplica\u00e7\u00e3o recolhe alguns dados pessoais dos seus utilizadores Propriet\u00e1rio e controlador de dados: insidestem.eu E-mail de contato do propriet\u00e1rio: insidestem.eu@gmail.com Tipos de dados recolhidos Entre os tipos de Dados Pessoais que esta aplica\u00e7\u00e3o recolhe, por si ou por meio de terceiros, est\u00e3o: Cookies; Usage Data; primeiro nome; apelido; n\u00famero [&hellip;]<\/p>\n","protected":false},"author":1,"featured_media":0,"parent":0,"menu_order":0,"comment_status":"closed","ping_status":"closed","template":"","meta":{"site-sidebar-layout":"no-sidebar","site-content-layout":"default","ast-site-content-layout":"default","site-content-style":"default","site-sidebar-style":"default","ast-global-header-display":"","ast-banner-title-visibility":"","ast-main-header-display":"","ast-hfb-above-header-display":"","ast-hfb-below-header-display":"","ast-hfb-mobile-header-display":"","site-post-title":"","ast-breadcrumbs-content":"","ast-featured-img":"","footer-sml-layout":"","theme-transparent-header-meta":"default","adv-header-id-meta":"","stick-header-meta":"","header-above-stick-meta":"","header-main-stick-meta":"","header-below-stick-meta":"","astra-migrate-meta-layouts":"default","ast-page-background-enabled":"default","ast-page-background-meta":{"desktop":{"background-color":"","background-image":"","background-repeat":"repeat","background-position":"center center","background-size":"auto","background-attachment":"scroll","background-type":"","background-media":"","overlay-type":"","overlay-color":"","overlay-opacity":"","overlay-gradient":""},"tablet":{"background-color":"","background-image":"","background-repeat":"repeat","background-position":"center center","background-size":"auto","background-attachment":"scroll","background-type":"","background-media":"","overlay-type":"","overlay-color":"","overlay-opacity":"","overlay-gradient":""},"mobile":{"background-color":"","background-image":"","background-repeat":"repeat","background-position":"center center","background-size":"auto","background-attachment":"scroll","background-type":"","background-media":"","overlay-type":"","overlay-color":"","overlay-opacity":"","overlay-gradient":""}},"ast-content-background-meta":{"desktop":{"background-color":"var(--ast-global-color-5)","background-image":"","background-repeat":"repeat","background-position":"center center","background-size":"auto","background-attachment":"scroll","background-type":"","background-media":"","overlay-type":"","overlay-color":"","overlay-opacity":"","overlay-gradient":""},"tablet":{"background-color":"var(--ast-global-color-5)","background-image":"","background-repeat":"repeat","background-position":"center center","background-size":"auto","background-attachment":"scroll","background-type":"","background-media":"","overlay-type":"","overlay-color":"","overlay-opacity":"","overlay-gradient":""},"mobile":{"background-color":"var(--ast-global-color-5)","background-image":"","background-repeat":"repeat","background-position":"center center","background-size":"auto","background-attachment":"scroll","background-type":"","background-media":"","overlay-type":"","overlay-color":"","overlay-opacity":"","overlay-gradient":""}},"footnotes":""},"class_list":["post-819","page","type-page","status-publish","hentry"],"_links":{"self":[{"href":"https:\/\/insidestem.eu\/pt-pt\/wp-json\/wp\/v2\/pages\/819","targetHints":{"allow":["GET"]}}],"collection":[{"href":"https:\/\/insidestem.eu\/pt-pt\/wp-json\/wp\/v2\/pages"}],"about":[{"href":"https:\/\/insidestem.eu\/pt-pt\/wp-json\/wp\/v2\/types\/page"}],"author":[{"embeddable":true,"href":"https:\/\/insidestem.eu\/pt-pt\/wp-json\/wp\/v2\/users\/1"}],"replies":[{"embeddable":true,"href":"https:\/\/insidestem.eu\/pt-pt\/wp-json\/wp\/v2\/comments?post=819"}],"version-history":[{"count":11,"href":"https:\/\/insidestem.eu\/pt-pt\/wp-json\/wp\/v2\/pages\/819\/revisions"}],"predecessor-version":[{"id":1497,"href":"https:\/\/insidestem.eu\/pt-pt\/wp-json\/wp\/v2\/pages\/819\/revisions\/1497"}],"wp:attachment":[{"href":"https:\/\/insidestem.eu\/pt-pt\/wp-json\/wp\/v2\/media?parent=819"}],"curies":[{"name":"wp","href":"https:\/\/api.w.org\/{rel}","templated":true}]}}